{"id":4793,"date":"2015-08-17T11:37:40","date_gmt":"2015-08-17T11:37:40","guid":{"rendered":"http:\/\/dummy.wedesignthemes.com\/veda\/hotel\/?page_id=4793"},"modified":"2015-08-17T11:37:40","modified_gmt":"2015-08-17T11:37:40","slug":"shop-iii-col","status":"publish","type":"page","link":"http:\/\/www.mavipanorama.com\/index.php\/shop-2\/shop-iii-col\/","title":{"rendered":"Shop III Col"},"content":{"rendered":"<section class=\"wpb-content-wrapper\"><p>[vc_row][vc_column]<div class=\"woocommerce columns-3 \"><ul class=\"products columns-3\">\n<li class=\"pif-has-gallery product type-product post-99 status-publish first instock product_cat-music product_cat-singles has-post-thumbnail sale shipping-taxable purchasable product-type-simple\">\n\t<div class=' dt-sc-one-third column  on-sale-product  in-stock-product '><div class='product-wrapper'><span class=\"onsale\"><span>Sale<\/span><\/span><div class='product-thumb'><a class=\"image\" href=\"http:\/\/www.mavipanorama.com\/index.php\/product\/woo-single-2\/\" title=\"Woo Single #2\"><img src='http:\/\/placehold.it\/500' alt='product-thumb' \/><\/a><a href=\"?add-to-cart=99\" data-quantity=\"1\" class=\"dt-sc-button too-small button wp-element-button product_type_simple add_to_cart_button ajax_add_to_cart\" data-product_id=\"99\" data-product_sku=\"\" aria-label=\"&ldquo;Woo Single #2&rdquo; \u00fcr\u00fcn\u00fcn\u00fc sepete ekle\" rel=\"nofollow\">Sepete Ekle<\/a><a class=\"product-content\" href=\"http:\/\/www.mavipanorama.com\/index.php\/product\/woo-single-2\/\" title=\"Woo Single #2\"> <\/a><\/div><div class='product-details'><h5><a href=\"http:\/\/www.mavipanorama.com\/index.php\/product\/woo-single-2\/\">Woo Single #2<\/a><\/h5><span class=\"product-price\">\n\t<span class=\"price\"><del aria-hidden=\"true\"><span class=\"woocommerce-Price-amount amount\"><bdi><span class=\"woocommerce-Price-currencySymbol\">&#36;<\/span>3.00<\/bdi><\/span><\/del> <ins><span class=\"woocommerce-Price-amount amount\"><bdi><span class=\"woocommerce-Price-currencySymbol\">&#36;<\/span>2.00<\/bdi><\/span><\/ins><\/span>\n<\/span><div class=\"product-rating-wrapper\"><div class=\"star-rating\" role=\"img\" aria-label=\"5 \u00fczerinden 4.50 oy ald\u0131\"><span style=\"width:90%\">5 \u00fczerinden <strong class=\"rating\">4.50<\/strong> oy ald\u0131<\/span><\/div><div><\/div><\/div><\/div><\/li>\n<li class=\"pif-has-gallery product type-product post-90 status-publish instock product_cat-albums product_cat-music has-post-thumbnail downloadable shipping-taxable purchasable product-type-simple\">\n\t<div class=' dt-sc-one-third column  in-stock-product '><div class='product-wrapper'><div class='product-thumb'><a class=\"image\" href=\"http:\/\/www.mavipanorama.com\/index.php\/product\/woo-album-3\/\" title=\"Woo Album #3\"><img src='http:\/\/placehold.it\/500' alt='product-thumb' \/><\/a><a href=\"?add-to-cart=90\" data-quantity=\"1\" class=\"dt-sc-button too-small button wp-element-button product_type_simple add_to_cart_button ajax_add_to_cart\" data-product_id=\"90\" data-product_sku=\"\" aria-label=\"&ldquo;Woo Album #3&rdquo; \u00fcr\u00fcn\u00fcn\u00fc sepete ekle\" rel=\"nofollow\">Sepete Ekle<\/a><a class=\"product-content\" href=\"http:\/\/www.mavipanorama.com\/index.php\/product\/woo-album-3\/\" title=\"Woo Album #3\"> <\/a><\/div><div class='product-details'><h5><a href=\"http:\/\/www.mavipanorama.com\/index.php\/product\/woo-album-3\/\">Woo Album #3<\/a><\/h5><span class=\"product-price\">\n\t<span class=\"price\"><span class=\"woocommerce-Price-amount amount\"><bdi><span class=\"woocommerce-Price-currencySymbol\">&#36;<\/span>9.00<\/bdi><\/span><\/span>\n<\/span><div class=\"product-rating-wrapper\"><div class=\"star-rating\" role=\"img\" aria-label=\"5 \u00fczerinden 3.00 oy ald\u0131\"><span style=\"width:60%\">5 \u00fczerinden <strong class=\"rating\">3.00<\/strong> oy ald\u0131<\/span><\/div><div><\/div><\/div><\/div><\/li>\n<li class=\"pif-has-gallery product type-product post-73 status-publish last instock product_cat-posters product_tag-prints has-post-thumbnail sale shipping-taxable purchasable product-type-simple\">\n\t<div class=' dt-sc-one-third column  on-sale-product  in-stock-product '><div class='product-wrapper'><span class=\"onsale\"><span>Sale<\/span><\/span><div class='product-thumb'><a class=\"image\" href=\"http:\/\/www.mavipanorama.com\/index.php\/product\/premium-quality-2\/\" title=\"Premium Quality\"><img src='http:\/\/placehold.it\/500' alt='product-thumb' \/><\/a><a href=\"?add-to-cart=73\" data-quantity=\"1\" class=\"dt-sc-button too-small button wp-element-button product_type_simple add_to_cart_button ajax_add_to_cart\" data-product_id=\"73\" data-product_sku=\"\" aria-label=\"&ldquo;Premium Quality&rdquo; \u00fcr\u00fcn\u00fcn\u00fc sepete ekle\" rel=\"nofollow\">Sepete Ekle<\/a><a class=\"product-content\" href=\"http:\/\/www.mavipanorama.com\/index.php\/product\/premium-quality-2\/\" title=\"Premium Quality\"> <\/a><\/div><div class='product-details'><h5><a href=\"http:\/\/www.mavipanorama.com\/index.php\/product\/premium-quality-2\/\">Premium Quality<\/a><\/h5><span class=\"product-price\">\n\t<span class=\"price\"><del aria-hidden=\"true\"><span class=\"woocommerce-Price-amount amount\"><bdi><span class=\"woocommerce-Price-currencySymbol\">&#36;<\/span>15.00<\/bdi><\/span><\/del> <ins><span class=\"woocommerce-Price-amount amount\"><bdi><span class=\"woocommerce-Price-currencySymbol\">&#36;<\/span>12.00<\/bdi><\/span><\/ins><\/span>\n<\/span><div class=\"product-rating-wrapper\"><div class=\"star-rating\" role=\"img\" aria-label=\"5 \u00fczerinden 2.00 oy ald\u0131\"><span style=\"width:40%\">5 \u00fczerinden <strong class=\"rating\">2.00<\/strong> oy ald\u0131<\/span><\/div><div><\/div><\/div><\/div><\/li>\n<li class=\"pif-has-gallery product type-product post-67 status-publish first instock product_cat-posters product_tag-prints has-post-thumbnail shipping-taxable purchasable product-type-simple\">\n\t<div class=' dt-sc-one-third column  in-stock-product '><div class='product-wrapper'><div class='product-thumb'><a class=\"image\" href=\"http:\/\/www.mavipanorama.com\/index.php\/product\/ship-your-idea-3\/\" title=\"Ship Your Idea\"><img src='http:\/\/placehold.it\/500' alt='product-thumb' \/><\/a><a href=\"?add-to-cart=67\" data-quantity=\"1\" class=\"dt-sc-button too-small button wp-element-button product_type_simple add_to_cart_button ajax_add_to_cart\" data-product_id=\"67\" data-product_sku=\"\" aria-label=\"&ldquo;Ship Your Idea&rdquo; \u00fcr\u00fcn\u00fcn\u00fc sepete ekle\" rel=\"nofollow\">Sepete Ekle<\/a><a class=\"product-content\" href=\"http:\/\/www.mavipanorama.com\/index.php\/product\/ship-your-idea-3\/\" title=\"Ship Your Idea\"> <\/a><\/div><div class='product-details'><h5><a href=\"http:\/\/www.mavipanorama.com\/index.php\/product\/ship-your-idea-3\/\">Ship Your Idea<\/a><\/h5><span class=\"product-price\">\n\t<span class=\"price\"><span class=\"woocommerce-Price-amount amount\"><bdi><span class=\"woocommerce-Price-currencySymbol\">&#36;<\/span>15.00<\/bdi><\/span><\/span>\n<\/span><div class=\"product-rating-wrapper\"><div><\/div><\/div><\/div><\/li>\n<li class=\"pif-has-gallery product type-product post-60 status-publish instock product_cat-clothing product_cat-hoodies product_tag-covering product_tag-jackets has-post-thumbnail shipping-taxable purchasable product-type-simple\">\n\t<div class=' dt-sc-one-third column  in-stock-product '><div class='product-wrapper'><div class='product-thumb'><a class=\"image\" href=\"http:\/\/www.mavipanorama.com\/index.php\/product\/woo-logo-2\/\" title=\"Woo Logo\"><img src='http:\/\/placehold.it\/500' alt='product-thumb' \/><\/a><a href=\"?add-to-cart=60\" data-quantity=\"1\" class=\"dt-sc-button too-small button wp-element-button product_type_simple add_to_cart_button ajax_add_to_cart\" data-product_id=\"60\" data-product_sku=\"\" aria-label=\"&ldquo;Woo Logo&rdquo; \u00fcr\u00fcn\u00fcn\u00fc sepete ekle\" rel=\"nofollow\">Sepete Ekle<\/a><a class=\"product-content\" href=\"http:\/\/www.mavipanorama.com\/index.php\/product\/woo-logo-2\/\" title=\"Woo Logo\"> <\/a><\/div><div class='product-details'><h5><a href=\"http:\/\/www.mavipanorama.com\/index.php\/product\/woo-logo-2\/\">Woo Logo<\/a><\/h5><span class=\"product-price\">\n\t<span class=\"price\"><span class=\"woocommerce-Price-amount amount\"><bdi><span class=\"woocommerce-Price-currencySymbol\">&#36;<\/span>35.00<\/bdi><\/span><\/span>\n<\/span><div class=\"product-rating-wrapper\"><div class=\"star-rating\" role=\"img\" aria-label=\"5 \u00fczerinden 4.00 oy ald\u0131\"><span style=\"width:80%\">5 \u00fczerinden <strong class=\"rating\">4.00<\/strong> oy ald\u0131<\/span><\/div><div><\/div><\/div><\/div><\/li>\n<li class=\"pif-has-gallery product type-product post-56 status-publish last outofstock product_cat-clothing product_cat-hoodies product_tag-covering product_tag-jackets has-post-thumbnail shipping-taxable purchasable product-type-simple\">\n\t<div class=' dt-sc-one-third column  out-of-stock-product '><div class='product-wrapper'><span class=\"out-of-stock\"><span>Out of Stock<\/span><\/span><div class='product-thumb'><a class=\"image\" href=\"http:\/\/www.mavipanorama.com\/index.php\/product\/ninja-silhouette-2\/\" title=\"Ninja Silhouette\"><img src='http:\/\/placehold.it\/500' alt='product-thumb' \/><\/a><a href=\"http:\/\/www.mavipanorama.com\/index.php\/product\/ninja-silhouette-2\/\" data-quantity=\"1\" class=\"dt-sc-button too-small button wp-element-button product_type_simple\" data-product_id=\"56\" data-product_sku=\"\" aria-label=\"&ldquo;Ninja Silhouette&rdquo; hakk\u0131nda daha fazla bilgi edinin\" rel=\"nofollow\">Devam\u0131n\u0131 oku<\/a><a class=\"product-content\" href=\"http:\/\/www.mavipanorama.com\/index.php\/product\/ninja-silhouette-2\/\" title=\"Ninja Silhouette\"> <\/a><\/div><div class='product-details'><h5><a href=\"http:\/\/www.mavipanorama.com\/index.php\/product\/ninja-silhouette-2\/\">Ninja Silhouette<\/a><\/h5><span class=\"product-price\">\n\t<span class=\"price\"><span class=\"woocommerce-Price-amount amount\"><bdi><span class=\"woocommerce-Price-currencySymbol\">&#36;<\/span>35.00<\/bdi><\/span><\/span>\n<\/span><div class=\"product-rating-wrapper\"><div class=\"star-rating\" role=\"img\" aria-label=\"5 \u00fczerinden 4.00 oy ald\u0131\"><span style=\"width:80%\">5 \u00fczerinden <strong class=\"rating\">4.00<\/strong> oy ald\u0131<\/span><\/div><div><\/div><\/div><\/div><\/li>\n<li class=\"pif-has-gallery product type-product post-53 status-publish first instock product_cat-clothing product_cat-hoodies product_tag-covering product_tag-jackets has-post-thumbnail shipping-taxable purchasable product-type-simple\">\n\t<div class=' dt-sc-one-third column  in-stock-product '><div class='product-wrapper'><div class='product-thumb'><a class=\"image\" href=\"http:\/\/www.mavipanorama.com\/index.php\/product\/happy-ninja-2\/\" title=\"Happy Ninja\"><img src='http:\/\/placehold.it\/500' alt='product-thumb' \/><\/a><a href=\"?add-to-cart=53\" data-quantity=\"1\" class=\"dt-sc-button too-small button wp-element-button product_type_simple add_to_cart_button ajax_add_to_cart\" data-product_id=\"53\" data-product_sku=\"\" aria-label=\"&ldquo;Happy Ninja&rdquo; \u00fcr\u00fcn\u00fcn\u00fc sepete ekle\" rel=\"nofollow\">Sepete Ekle<\/a><a class=\"product-content\" href=\"http:\/\/www.mavipanorama.com\/index.php\/product\/happy-ninja-2\/\" title=\"Happy Ninja\"> <\/a><\/div><div class='product-details'><h5><a href=\"http:\/\/www.mavipanorama.com\/index.php\/product\/happy-ninja-2\/\">Happy Ninja<\/a><\/h5><span class=\"product-price\">\n\t<span class=\"price\"><span class=\"woocommerce-Price-amount amount\"><bdi><span class=\"woocommerce-Price-currencySymbol\">&#36;<\/span>35.00<\/bdi><\/span><\/span>\n<\/span><div class=\"product-rating-wrapper\"><div class=\"star-rating\" role=\"img\" aria-label=\"5 \u00fczerinden 3.00 oy ald\u0131\"><span style=\"width:60%\">5 \u00fczerinden <strong class=\"rating\">3.00<\/strong> oy ald\u0131<\/span><\/div><div><\/div><\/div><\/div><\/li>\n<li class=\"pif-has-gallery product type-product post-50 status-publish instock product_cat-clothing product_cat-hoodies product_tag-covering product_tag-jackets has-post-thumbnail shipping-taxable purchasable product-type-simple\">\n\t<div class=' dt-sc-one-third column  in-stock-product '><div class='product-wrapper'><div class='product-thumb'><a class=\"image\" href=\"http:\/\/www.mavipanorama.com\/index.php\/product\/patient-ninja\/\" title=\"Patient Ninja\"><img src='http:\/\/placehold.it\/500' alt='product-thumb' \/><\/a><a href=\"?add-to-cart=50\" data-quantity=\"1\" class=\"dt-sc-button too-small button wp-element-button product_type_simple add_to_cart_button ajax_add_to_cart\" data-product_id=\"50\" data-product_sku=\"\" aria-label=\"&ldquo;Patient Ninja&rdquo; \u00fcr\u00fcn\u00fcn\u00fc sepete ekle\" rel=\"nofollow\">Sepete Ekle<\/a><a class=\"product-content\" href=\"http:\/\/www.mavipanorama.com\/index.php\/product\/patient-ninja\/\" title=\"Patient Ninja\"> <\/a><\/div><div class='product-details'><h5><a href=\"http:\/\/www.mavipanorama.com\/index.php\/product\/patient-ninja\/\">Patient Ninja<\/a><\/h5><span class=\"product-price\">\n\t<span class=\"price\"><span class=\"woocommerce-Price-amount amount\"><bdi><span class=\"woocommerce-Price-currencySymbol\">&#36;<\/span>35.00<\/bdi><\/span><\/span>\n<\/span><div class=\"product-rating-wrapper\"><div class=\"star-rating\" role=\"img\" aria-label=\"5 \u00fczerinden 4.67 oy ald\u0131\"><span style=\"width:93.4%\">5 \u00fczerinden <strong class=\"rating\">4.67<\/strong> oy ald\u0131<\/span><\/div><div><\/div><\/div><\/div><\/li>\n<li class=\"pif-has-gallery product type-product post-47 status-publish last instock product_cat-clothing product_cat-hoodies product_tag-covering product_tag-jackets has-post-thumbnail shipping-taxable purchasable product-type-simple\">\n\t<div class=' dt-sc-one-third column  in-stock-product '><div class='product-wrapper'><div class='product-thumb'><a class=\"image\" href=\"http:\/\/www.mavipanorama.com\/index.php\/product\/woo-ninja-2\/\" title=\"Woo Ninja\"><img src='http:\/\/placehold.it\/500' alt='product-thumb' \/><\/a><a href=\"?add-to-cart=47\" data-quantity=\"1\" class=\"dt-sc-button too-small button wp-element-button product_type_simple add_to_cart_button ajax_add_to_cart\" data-product_id=\"47\" data-product_sku=\"\" aria-label=\"&ldquo;Woo Ninja&rdquo; \u00fcr\u00fcn\u00fcn\u00fc sepete ekle\" rel=\"nofollow\">Sepete Ekle<\/a><a class=\"product-content\" href=\"http:\/\/www.mavipanorama.com\/index.php\/product\/woo-ninja-2\/\" title=\"Woo Ninja\"> <\/a><\/div><div class='product-details'><h5><a href=\"http:\/\/www.mavipanorama.com\/index.php\/product\/woo-ninja-2\/\">Woo Ninja<\/a><\/h5><span class=\"product-price\">\n\t<span class=\"price\"><span class=\"woocommerce-Price-amount amount\"><bdi><span class=\"woocommerce-Price-currencySymbol\">&#36;<\/span>35.00<\/bdi><\/span><\/span>\n<\/span><div class=\"product-rating-wrapper\"><div class=\"star-rating\" role=\"img\" aria-label=\"5 \u00fczerinden 4.50 oy ald\u0131\"><span style=\"width:90%\">5 \u00fczerinden <strong class=\"rating\">4.50<\/strong> oy ald\u0131<\/span><\/div><div><\/div><\/div><\/div><\/li>\n<li class=\"pif-has-gallery product type-product post-40 status-publish first outofstock product_cat-clothing product_cat-hoodies product_tag-covering product_tag-jackets has-post-thumbnail sale shipping-taxable purchasable product-type-variable has-default-attributes\">\n\t<div class=' dt-sc-one-third column  on-sale-product  out-of-stock-product '><div class='product-wrapper'><span class=\"out-of-stock\"><span>Out of Stock<\/span><\/span><div class='product-thumb'><a class=\"image\" href=\"http:\/\/www.mavipanorama.com\/index.php\/product\/ship-your-idea-2\/\" title=\"Ship Your Idea\"><img src='http:\/\/placehold.it\/500' alt='product-thumb' \/><\/a><a href=\"http:\/\/www.mavipanorama.com\/index.php\/product\/ship-your-idea-2\/\" data-quantity=\"1\" class=\"dt-sc-button too-small button wp-element-button product_type_variable\" data-product_id=\"40\" data-product_sku=\"\" aria-label=\"&ldquo;Ship Your Idea&rdquo; i\u00e7in se\u00e7enekleri se\u00e7in\" rel=\"nofollow\">Se\u00e7enekler<\/a><a class=\"product-content\" href=\"http:\/\/www.mavipanorama.com\/index.php\/product\/ship-your-idea-2\/\" title=\"Ship Your Idea\"> <\/a><\/div><div class='product-details'><h5><a href=\"http:\/\/www.mavipanorama.com\/index.php\/product\/ship-your-idea-2\/\">Ship Your Idea<\/a><\/h5><span class=\"product-price\">\n\t<span class=\"price\"><span class=\"woocommerce-Price-amount amount\"><bdi><span class=\"woocommerce-Price-currencySymbol\">&#36;<\/span>30.00<\/bdi><\/span> &ndash; <span class=\"woocommerce-Price-amount amount\"><bdi><span class=\"woocommerce-Price-currencySymbol\">&#36;<\/span>35.00<\/bdi><\/span><\/span>\n<\/span><div class=\"product-rating-wrapper\"><div class=\"star-rating\" role=\"img\" aria-label=\"5 \u00fczerinden 4.00 oy ald\u0131\"><span style=\"width:80%\">5 \u00fczerinden <strong class=\"rating\">4.00<\/strong> oy ald\u0131<\/span><\/div><div><\/div><\/div><\/div><\/li>\n<li class=\"pif-has-gallery product type-product post-37 status-publish instock product_cat-clothing product_cat-t-shirts product_tag-covering product_tag-teez has-post-thumbnail shipping-taxable purchasable product-type-simple\">\n\t<div class=' dt-sc-one-third column  in-stock-product '><div class='product-wrapper'><div class='product-thumb'><a class=\"image\" href=\"http:\/\/www.mavipanorama.com\/index.php\/product\/happy-ninja\/\" title=\"Happy Ninja\"><img src='http:\/\/placehold.it\/500' alt='product-thumb' \/><\/a><a href=\"?add-to-cart=37\" data-quantity=\"1\" class=\"dt-sc-button too-small button wp-element-button product_type_simple add_to_cart_button ajax_add_to_cart\" data-product_id=\"37\" data-product_sku=\"\" aria-label=\"&ldquo;Happy Ninja&rdquo; \u00fcr\u00fcn\u00fcn\u00fc sepete ekle\" rel=\"nofollow\">Sepete Ekle<\/a><a class=\"product-content\" href=\"http:\/\/www.mavipanorama.com\/index.php\/product\/happy-ninja\/\" title=\"Happy Ninja\"> <\/a><\/div><div class='product-details'><h5><a href=\"http:\/\/www.mavipanorama.com\/index.php\/product\/happy-ninja\/\">Happy Ninja<\/a><\/h5><span class=\"product-price\">\n\t<span class=\"price\"><span class=\"woocommerce-Price-amount amount\"><bdi><span class=\"woocommerce-Price-currencySymbol\">&#36;<\/span>18.00<\/bdi><\/span><\/span>\n<\/span><div class=\"product-rating-wrapper\"><div class=\"star-rating\" role=\"img\" aria-label=\"5 \u00fczerinden 5.00 oy ald\u0131\"><span style=\"width:100%\">5 \u00fczerinden <strong class=\"rating\">5.00<\/strong> oy ald\u0131<\/span><\/div><div><\/div><\/div><\/div><\/li>\n<li class=\"pif-has-gallery product type-product post-34 status-publish last instock product_cat-clothing product_cat-t-shirts product_tag-covering product_tag-teez has-post-thumbnail shipping-taxable purchasable product-type-simple\">\n\t<div class=' dt-sc-one-third column  in-stock-product '><div class='product-wrapper'><div class='product-thumb'><a class=\"image\" href=\"http:\/\/www.mavipanorama.com\/index.php\/product\/woo-ninja\/\" title=\"Woo Ninja\"><img src='http:\/\/placehold.it\/500' alt='product-thumb' \/><\/a><a href=\"?add-to-cart=34\" data-quantity=\"1\" class=\"dt-sc-button too-small button wp-element-button product_type_simple add_to_cart_button ajax_add_to_cart\" data-product_id=\"34\" data-product_sku=\"\" aria-label=\"&ldquo;Woo Ninja&rdquo; \u00fcr\u00fcn\u00fcn\u00fc sepete ekle\" rel=\"nofollow\">Sepete Ekle<\/a><a class=\"product-content\" href=\"http:\/\/www.mavipanorama.com\/index.php\/product\/woo-ninja\/\" title=\"Woo Ninja\"> <\/a><\/div><div class='product-details'><h5><a href=\"http:\/\/www.mavipanorama.com\/index.php\/product\/woo-ninja\/\">Woo Ninja<\/a><\/h5><span class=\"product-price\">\n\t<span class=\"price\"><span class=\"woocommerce-Price-amount amount\"><bdi><span class=\"woocommerce-Price-currencySymbol\">&#36;<\/span>20.00<\/bdi><\/span><\/span>\n<\/span><div class=\"product-rating-wrapper\"><div><\/div><\/div><\/div><\/li>\n<\/ul>\n<\/div>[vc_empty_space height=&#8221;80px&#8221;][\/vc_column][\/vc_row]<\/p>\n<\/section>","protected":false},"excerpt":{"rendered":"<p>[vc_row][vc_column][vc_empty_space height=&#8221;80px&#8221;][\/vc_column][\/vc_row]<\/p>\n","protected":false},"author":1,"featured_media":0,"parent":4524,"menu_order":0,"comment_status":"open","ping_status":"closed","template":"","meta":[],"_links":{"self":[{"href":"http:\/\/www.mavipanorama.com\/index.php\/wp-json\/wp\/v2\/pages\/4793"}],"collection":[{"href":"http:\/\/www.mavipanorama.com\/index.php\/wp-json\/wp\/v2\/pages"}],"about":[{"href":"http:\/\/www.mavipanorama.com\/index.php\/wp-json\/wp\/v2\/types\/page"}],"author":[{"embeddable":true,"href":"http:\/\/www.mavipanorama.com\/index.php\/wp-json\/wp\/v2\/users\/1"}],"replies":[{"embeddable":true,"href":"http:\/\/www.mavipanorama.com\/index.php\/wp-json\/wp\/v2\/comments?post=4793"}],"version-history":[{"count":0,"href":"http:\/\/www.mavipanorama.com\/index.php\/wp-json\/wp\/v2\/pages\/4793\/revisions"}],"up":[{"embeddable":true,"href":"http:\/\/www.mavipanorama.com\/index.php\/wp-json\/wp\/v2\/pages\/4524"}],"wp:attachment":[{"href":"http:\/\/www.mavipanorama.com\/index.php\/wp-json\/wp\/v2\/media?parent=4793"}],"curies":[{"name":"wp","href":"https:\/\/api.w.org\/{rel}","templated":true}]}}