{"id":4834,"date":"2015-09-21T07:57:54","date_gmt":"2015-09-21T07:57:54","guid":{"rendered":"http:\/\/dummy.wedesignthemes.com\/veda\/yoga\/?page_id=4834"},"modified":"2023-03-08T13:59:09","modified_gmt":"2023-03-08T13:59:09","slug":"iletisim","status":"publish","type":"page","link":"http:\/\/www.mavipanorama.com\/index.php\/iletisim\/","title":{"rendered":"iletisim"},"content":{"rendered":"<section class=\"wpb-content-wrapper\"><p>[vc_row full_width=&#8221;stretch_row&#8221; css=&#8221;.vc_custom_1458738752543{padding-top: 50px !important;padding-bottom: 65px !important;background: #ffffff url(http:\/\/dummy.wedesignthemes.com\/veda\/yoga\/wp-content\/uploads\/sites\/19\/2015\/09\/contact-bg.jpg?id=4836) !important;background-position: center !important;background-repeat: no-repeat !important;background-size: cover !important;}&#8221; addstyles=&#8221;background-position: 50% 50px !important;&#8221; el_class=&#8221;vcr_float_right rs_hide_bgimage&#8221;][vc_column width=&#8221;1\/2&#8243;][vc_gmaps link=&#8221;#E-8_JTNDaWZyYW1lJTIwc3JjJTNEJTIyaHR0cHMlM0ElMkYlMkZ3d3cuZ29vZ2xlLmNvbSUyRm1hcHMlMkZlbWJlZCUzRnBiJTNEJTIxMW0xOCUyMTFtMTIlMjExbTMlMjExZDMxMzAuNDExMjI3Mjc3MDQlMjEyZDI2LjI3OTM5MTMxNTY4MTgzNSUyMTNkMzguMzE2MzA2OTc5NjY0MzglMjEybTMlMjExZjAlMjEyZjAlMjEzZjAlMjEzbTIlMjExaTEwMjQlMjEyaTc2OCUyMTRmMTMuMSUyMTNtMyUyMTFtMiUyMTFzMHgxNGJiN2JhN2UwYmJhODhiJTI1M0EweDk0ODBhMzI4ZTk1ZmM3YTklMjEyc01hdmklMjUyMFBhbm9yYW1hJTIxNWUwJTIxM20yJTIxMXN0ciUyMTJzdHIlMjE0djE2NzgyODMwNTA2OTglMjE1bTIlMjExc3RyJTIxMnN0ciUyMiUyMHdpZHRoJTNEJTIyNjAwJTIyJTIwaGVpZ2h0JTNEJTIyNDUwJTIyJTIwc3R5bGUlM0QlMjJib3JkZXIlM0EwJTNCJTIyJTIwYWxsb3dmdWxsc2NyZWVuJTNEJTIyJTIyJTIwbG9hZGluZyUzRCUyMmxhenklMjIlMjByZWZlcnJlcnBvbGljeSUzRCUyMm5vLXJlZmVycmVyLXdoZW4tZG93bmdyYWRlJTIyJTNFJTNDJTJGaWZyYW1lJTNF&#8221;][\/vc_column][vc_column width=&#8221;1\/2&#8243;][vc_column_text css=&#8221;.vc_custom_1678283122299{margin-bottom: 0px !important;}&#8221;]<\/p>\n<h3 style=\"color: #3c939e; font-size: 30px;\">\u0130LET\u0130\u015e\u0130M<\/h3>\n<p style=\"font-size: 14px;\">Mavi Panorama&#8217;da unutulmayacak bir tatil i\u00e7in bizimle ileti\u015fime ge\u00e7ebilirsiniz.<\/p>\n<p>[\/vc_column_text][vc_empty_space height=&#8221;10px&#8221;]<div class='dt-sc-hr-invisible-xsmall '> <\/div><div class='dt-sc-contact-info  '><span class='fa fa-map-marker'> <\/span>1112 sokak No:24 Musalla Mh. <br> Fener Mevkii \/ \u00c7e\u015fme<\/div><div class='dt-sc-clear '> <\/div>[vc_empty_space height=&#8221;10px&#8221;]<div class='dt-sc-clear '> <\/div><div class='dt-sc-contact-info  '><span class='fa fa-phone'> <\/span>+90 232 722 24 00<\/p>\n<p>+90 532 215 58 83<\/div><div class='dt-sc-clear '> <\/div>[vc_empty_space height=&#8221;10px&#8221;]<div class='dt-sc-hr-invisible-small '> <\/div>[\/vc_column][\/vc_row]<\/p>\n<\/section>","protected":false},"excerpt":{"rendered":"<p>[vc_row full_width=&#8221;stretch_row&#8221; css=&#8221;.vc_custom_1458738752543{padding-top: 50px !important;padding-bottom: 65px !important;background: #ffffff url(http:\/\/dummy.wedesignthemes.com\/veda\/yoga\/wp-content\/uploads\/sites\/19\/2015\/09\/contact-bg.jpg?id=4836) !important;background-position: center !important;background-repeat: no-repeat !important;background-size: cover !important;}&#8221; addstyles=&#8221;background-position: 50% 50px !important;&#8221; el_class=&#8221;vcr_float_right rs_hide_bgimage&#8221;][vc_column width=&#8221;1\/2&#8243;][vc_gmaps link=&#8221;#E-8_JTNDaWZyYW1lJTIwc3JjJTNEJTIyaHR0cHMlM0ElMkYlMkZ3d3cuZ29vZ2xlLmNvbSUyRm1hcHMlMkZlbWJlZCUzRnBiJTNEJTIxMW0xOCUyMTFtMTIlMjExbTMlMjExZDMxMzAuNDExMjI3Mjc3MDQlMjEyZDI2LjI3OTM5MTMxNTY4MTgzNSUyMTNkMzguMzE2MzA2OTc5NjY0MzglMjEybTMlMjExZjAlMjEyZjAlMjEzZjAlMjEzbTIlMjExaTEwMjQlMjEyaTc2OCUyMTRmMTMuMSUyMTNtMyUyMTFtMiUyMTFzMHgxNGJiN2JhN2UwYmJhODhiJTI1M0EweDk0ODBhMzI4ZTk1ZmM3YTklMjEyc01hdmklMjUyMFBhbm9yYW1hJTIxNWUwJTIxM20yJTIxMXN0ciUyMTJzdHIlMjE0djE2NzgyODMwNTA2OTglMjE1bTIlMjExc3RyJTIxMnN0ciUyMiUyMHdpZHRoJTNEJTIyNjAwJTIyJTIwaGVpZ2h0JTNEJTIyNDUwJTIyJTIwc3R5bGUlM0QlMjJib3JkZXIlM0EwJTNCJTIyJTIwYWxsb3dmdWxsc2NyZWVuJTNEJTIyJTIyJTIwbG9hZGluZyUzRCUyMmxhenklMjIlMjByZWZlcnJlcnBvbGljeSUzRCUyMm5vLXJlZmVycmVyLXdoZW4tZG93bmdyYWRlJTIyJTNFJTNDJTJGaWZyYW1lJTNF&#8221;][\/vc_column][vc_column width=&#8221;1\/2&#8243;][vc_column_text css=&#8221;.vc_custom_1678283122299{margin-bottom: 0px !important;}&#8221;] \u0130LET\u0130\u015e\u0130M Mavi [&hellip;]<\/p>\n","protected":false},"author":1,"featured_media":0,"parent":0,"menu_order":0,"comment_status":"closed","ping_status":"closed","template":"","meta":[],"_links":{"self":[{"href":"http:\/\/www.mavipanorama.com\/index.php\/wp-json\/wp\/v2\/pages\/4834"}],"collection":[{"href":"http:\/\/www.mavipanorama.com\/index.php\/wp-json\/wp\/v2\/pages"}],"about":[{"href":"http:\/\/www.mavipanorama.com\/index.php\/wp-json\/wp\/v2\/types\/page"}],"author":[{"embeddable":true,"href":"http:\/\/www.mavipanorama.com\/index.php\/wp-json\/wp\/v2\/users\/1"}],"replies":[{"embeddable":true,"href":"http:\/\/www.mavipanorama.com\/index.php\/wp-json\/wp\/v2\/comments?post=4834"}],"version-history":[{"count":3,"href":"http:\/\/www.mavipanorama.com\/index.php\/wp-json\/wp\/v2\/pages\/4834\/revisions"}],"predecessor-version":[{"id":5519,"href":"http:\/\/www.mavipanorama.com\/index.php\/wp-json\/wp\/v2\/pages\/4834\/revisions\/5519"}],"wp:attachment":[{"href":"http:\/\/www.mavipanorama.com\/index.php\/wp-json\/wp\/v2\/media?parent=4834"}],"curies":[{"name":"wp","href":"https:\/\/api.w.org\/{rel}","templated":true}]}}