{"id":5059,"date":"2026-01-09T10:47:09","date_gmt":"2026-01-09T10:47:09","guid":{"rendered":"http:\/\/dummy.wedesignthemes.com\/veda\/hotel\/?page_id=5059"},"modified":"2026-01-09T11:07:05","modified_gmt":"2026-01-09T11:07:05","slug":"hizmet-politikalari-2","status":"publish","type":"page","link":"http:\/\/www.mavipanorama.com\/index.php\/hizmet-politikalari-2\/","title":{"rendered":"Hizmet Politikalar\u0131"},"content":{"rendered":"\n<p><a href=\"cocuk-haklari-politikasi\">\u00c7EVRE KORUMA VE ATIK Y\u00d6NET\u0130M\u0130 POL\u0130T\u0130KASI<\/a><\/p>\n\n\n\n<p><a href=\"cocuk-haklari-politikasi\">\u00c7OCUK HAKLARI POL\u0130T\u0130KASI<\/a><\/p>\n\n\n\n<p><a href=\"enerji-verimliligi-politikasi\">ENERJ\u0130 VER\u0130ML\u0130L\u0130\u011e\u0130 POL\u0130T\u0130KASI<\/a><\/p>\n\n\n\n<p><a href=\"kadin-haklari-ve-cinsiyet-esitligi-politikasi\">KADIN HAKLARI VE CINSIYET E\u015eITLI\u011eI POL\u0130T\u0130KASI<\/a><\/p>\n\n\n\n<p><a href=\"surdurulebilir-satin-alma-politikasi\">S\u00dcRD\u00dcR\u00dcLEB\u0130L\u0130R SATIN ALMA POL\u0130T\u0130KASI<\/a><\/p>\n\n\n\n<p><a href=\"surdurulebilir-cevre-politikasi\">S\u00fcrd\u00fcr\u00fclebilir \u00c7evre Politikas\u0131<\/a><\/p>\n","protected":false},"excerpt":{"rendered":"<p>\u00c7EVRE KORUMA VE ATIK Y\u00d6NET\u0130M\u0130 POL\u0130T\u0130KASI \u00c7OCUK HAKLARI POL\u0130T\u0130KASI ENERJ\u0130 VER\u0130ML\u0130L\u0130\u011e\u0130 POL\u0130T\u0130KASI KADIN HAKLARI VE CINSIYET E\u015eITLI\u011eI POL\u0130T\u0130KASI S\u00dcRD\u00dcR\u00dcLEB\u0130L\u0130R SATIN ALMA POL\u0130T\u0130KASI S\u00fcrd\u00fcr\u00fclebilir \u00c7evre Politikas\u0131<\/p>\n","protected":false},"author":1,"featured_media":0,"parent":0,"menu_order":0,"comment_status":"closed","ping_status":"closed","template":"","meta":[],"_links":{"self":[{"href":"http:\/\/www.mavipanorama.com\/index.php\/wp-json\/wp\/v2\/pages\/5059"}],"collection":[{"href":"http:\/\/www.mavipanorama.com\/index.php\/wp-json\/wp\/v2\/pages"}],"about":[{"href":"http:\/\/www.mavipanorama.com\/index.php\/wp-json\/wp\/v2\/types\/page"}],"author":[{"embeddable":true,"href":"http:\/\/www.mavipanorama.com\/index.php\/wp-json\/wp\/v2\/users\/1"}],"replies":[{"embeddable":true,"href":"http:\/\/www.mavipanorama.com\/index.php\/wp-json\/wp\/v2\/comments?post=5059"}],"version-history":[{"count":4,"href":"http:\/\/www.mavipanorama.com\/index.php\/wp-json\/wp\/v2\/pages\/5059\/revisions"}],"predecessor-version":[{"id":5957,"href":"http:\/\/www.mavipanorama.com\/index.php\/wp-json\/wp\/v2\/pages\/5059\/revisions\/5957"}],"wp:attachment":[{"href":"http:\/\/www.mavipanorama.com\/index.php\/wp-json\/wp\/v2\/media?parent=5059"}],"curies":[{"name":"wp","href":"https:\/\/api.w.org\/{rel}","templated":true}]}}