{"id":5060,"date":"2015-06-12T10:33:09","date_gmt":"2015-06-12T10:33:09","guid":{"rendered":"http:\/\/dummy.wedesignthemes.com\/veda\/hotel\/?page_id=4"},"modified":"2024-03-01T10:51:00","modified_gmt":"2024-03-01T10:51:00","slug":"anasayfa","status":"publish","type":"page","link":"http:\/\/www.mavipanorama.com\/","title":{"rendered":"Ana Sayfa"},"content":{"rendered":"<section class=\"wpb-content-wrapper\"><p>[vc_row][vc_column][vc_empty_space][\/vc_column][\/vc_row][vc_row full_width=&#8221;stretch_row_content_no_spaces&#8221; equal_height=&#8221;yes&#8221; content_placement=&#8221;middle&#8221; parallax=&#8221;content-moving&#8221; el_class=&#8221;dt-sc-highlight dt-sc-dark-bg vcr_float_right fixed-paralax&#8221; css=&#8221;.vc_custom_1463999059864{background-image: url(http:\/\/dummy.wedesignthemes.com\/veda\/hotel\/wp-content\/uploads\/sites\/7\/2016\/05\/heritage.jpg?id=4996) !important;}&#8221;][vc_column width=&#8221;1\/2&#8243; col_space=&#8221;space&#8221; el_class=&#8221;rs_col-sm-12 heritage-luxury&#8221; offset=&#8221;vc_col-lg-6 vc_col-md-12&#8243; css=&#8221;.vc_custom_1678689332672{background-color: #55b0ed !important;}&#8221;][vc_row_inner][vc_column_inner width=&#8221;1\/3&#8243;][\/vc_column_inner][vc_column_inner el_class=&#8221;rs_col-sm-12&#8243; width=&#8221;2\/3&#8243; css=&#8221;.vc_custom_1466756249456{padding-top: 50px !important;padding-right: 80px !important;padding-bottom: 50px !important;padding-left: 35px !important;}&#8221; offset=&#8221;vc_col-lg-8 vc_col-md-12&#8243;]<h2>HAKKIMIZDA<\/h2>[vc_column_text css=&#8221;.vc_custom_1678183812430{margin-bottom: 0px !important;}&#8221; el_class=&#8221;f_md&#8221;]<span class='dt-sc-dropcap dt-sc-dropcap-default ' >M<\/span>avi Panorama\u2019da siz art\u0131k m\u00fc\u015fterisi de\u011fil bir dost bir misafir olarak \u00d6ZELS\u0130N\u0130Z . Sade, zevkli ve \u00f6zeni ile tasarlanm\u0131\u015f 10 odas\u0131 ile sizlerin hizmetinde, salon lobi , 3 taraf\u0131 deniz ile \u00e7evrili Fener yar\u0131madas\u0131na hakim, Yunanistan\u2019\u0131n Sak\u0131z adas\u0131na bakan , bah\u00e7esi, ve g\u00fcne\u015flenme teras\u0131, a\u00e7\u0131k havuzu, panoramik deniz g\u00f6r\u00fcnt\u00fcl\u00fc odalar\u0131 ile \u00c7e\u015fme merkeze 2 km Ala\u00e7at\u0131\u2019ya 10 km, Mavi panorama\u2019n\u0131n hemen \u00f6n\u00fcnden ve yak\u0131nlar\u0131ndan denize girmek m\u00fcmk\u00fcn iken \u00fcnl\u00fc P\u0131rlanta plaj\u0131na 3 km Alt\u0131nkum plaj\u0131na ve Beach Club\u2019lerine sadece 4 km uzakl\u0131ktad\u0131r.[\/vc_column_text][vc_empty_space height=&#8221;30px&#8221;]<blockquote class='type1  aligncenter' ><q>Mavi Panorama&#8217;da g\u00fcn g\u00fcne\u015fin farkl\u0131 renkleri ile ba\u015flar ve Sak\u0131z adas\u0131 \u00fcst\u00fcnden k\u0131z\u0131l\u0131n t\u00fcm tonlar\u0131 ile batar \u00c7e\u015fme \u015fehir merkezine \u00e7ok yak\u0131n olmakla beraber \u015fehrin kalabal\u0131\u011f\u0131ndan, g\u00fcr\u00fclt\u00fcs\u00fcnden uzak, ho\u015f, romantik bir ortamda ger\u00e7ek tatilin tad\u0131n\u0131 \u00e7\u0131karmak i\u00e7in ? i\u015fte adres !<\/q><\/blockquote>[vc_empty_space height=&#8221;30px&#8221;][vc_column_text css=&#8221;.vc_custom_1709290044487{margin-bottom: 0px !important;}&#8221; el_class=&#8221;f_md&#8221;]Mavi Panorama&#8217;da odan\u0131z\u0131n teras\u0131nda yan\u0131n\u0131zda sevdiginiz ile \u00c7esme\u2019nin \u0131\u015f\u0131klar\u0131n\u0131, Sak\u0131z adas\u0131\u2019n\u0131n (chios\u2019un) \u0131\u015f\u0131klar\u0131n\u0131 veya kafan\u0131z\u0131 nereye cevirseniz masmavi denizi seyreder, hafif hafif esen r\u00fczgar\u0131 teninizde hissetti\u011finizde, huzur i\u00e7inde ahhh hayat bu beee ! demek mutlulu\u011fun taa kendisi olsa gerek, G\u00fcn boyunca havuzda serinler, bahcede g\u00fcne\u015flenir kitap okur veya patika yoldan \u00f6n\u00fcm\u00fczdeki sakin berrak tertemiz denize inebilir veya ben plaj kum severim derseniz \u00e7ok yak\u0131ndaki plajlar\u0131nda denize girer , su sporlar\u0131 faliyetleri yapabilir , Aksam \u00fcst\u00fc Mavi Panorama butik otel\u2019den fener yar\u0131madas\u0131\u2019n\u0131n e\u015fsiz g\u00fcn bat\u0131m\u0131n\u0131 seyredip b\u00fct\u00fcn yorgunlu\u011funuz atar, daha sonra da Tatil\u2019in, E\u011flence\u2019nin, \u00dcnl\u00fclerin \u015eehri \u00c7e\u015fme butiklerini veya Ala\u00e7at\u0131\u2019n\u0131n dar otantik sokaklar\u0131n\u0131 gezmeye gider, ilerleyen saatlerde de \u00fcnl\u00fc \u00c7e\u015fme geceleri e\u011flencelerini de ka\u00e7\u0131rmak istemezsiniz.[\/vc_column_text][\/vc_column_inner][\/vc_row_inner][\/vc_column][vc_column width=&#8221;1\/2&#8243; col_space=&#8221;space&#8221; offset=&#8221;vc_col-lg-6 vc_col-md-12 vc_hidden-md vc_hidden-sm vc_hidden-xs&#8221;]<img width=\"1920\" height=\"2560\" src=\"http:\/\/www.mavipanorama.com\/wp-content\/uploads\/2023\/05\/IMG_9385-scaled.jpg\" class=\"alignnone attachment-full\" alt=\"\" decoding=\"async\" loading=\"lazy\" title=\"IMG_9385\" srcset=\"http:\/\/www.mavipanorama.com\/wp-content\/uploads\/2023\/05\/IMG_9385-scaled.jpg 1920w, http:\/\/www.mavipanorama.com\/wp-content\/uploads\/2023\/05\/IMG_9385-225x300.jpg 225w, http:\/\/www.mavipanorama.com\/wp-content\/uploads\/2023\/05\/IMG_9385-768x1024.jpg 768w, http:\/\/www.mavipanorama.com\/wp-content\/uploads\/2023\/05\/IMG_9385-1152x1536.jpg 1152w, http:\/\/www.mavipanorama.com\/wp-content\/uploads\/2023\/05\/IMG_9385-1536x2048.jpg 1536w, http:\/\/www.mavipanorama.com\/wp-content\/uploads\/2023\/05\/IMG_9385-600x800.jpg 600w\" sizes=\"(max-width: 1920px) 100vw, 1920px\" \/>[\/vc_column][\/vc_row][vc_row el_class=&#8221;aligncenter&#8221;][vc_column]<div class='dt-sc-hr-invisible-medium '> <\/div><div class='dt-sc-hr-top-10 '> <\/div><div class='dt-sc-title with-two-border '><h2>GALER\u0130<\/h2><\/div><div class='dt-sc-hr-invisible-small '> <\/div><div class='dt-sc-clear '> <\/div>[\/vc_column][\/vc_row][vc_row full_width=&#8221;stretch_row_content_no_spaces&#8221; el_class=&#8221;rs_col_no_btm_space&#8221;][vc_column width=&#8221;1\/2&#8243; el_class=&#8221;rs_col_no_btm_space&#8221;][vc_row_inner][vc_column_inner el_class=&#8221;rs_col-sm-12&#8243; css=&#8221;.vc_custom_1678197149797{padding-top: 50px !important;padding-right: 80px !important;padding-bottom: 50px !important;padding-left: 35px !important;}&#8221; offset=&#8221;vc_col-lg-12 vc_col-md-12 vc_hidden-sm vc_hidden-xs&#8221;][vc_empty_space height=&#8221;40px&#8221;][vc_column_text css=&#8221;.vc_custom_1678196517753{margin-bottom: 0px !important;}&#8221; el_class=&#8221;f_md&#8221;]<span class='dt-sc-dropcap dt-sc-dropcap-default ' >M<\/span>avi Panorama\u2019da sade, zevkli ve \u00f6zeni ile tasarlanm\u0131\u015f 10 odas\u0131 ile sizlerin hizmetindeyiz. 3 taraf\u0131 deniz ile \u00e7evrili Fener yar\u0131madas\u0131na hakim, Yunanistan\u2019\u0131n Sak\u0131z adas\u0131na bakan , bah\u00e7esi ve g\u00fcne\u015flenme teras\u0131, a\u00e7\u0131k havuzu, panoramik deniz g\u00f6r\u00fcnt\u00fcl\u00fc odalar\u0131 ile e\u015fsiz manzaran\u0131n keyfini \u00e7\u0131kartabilirsiniz. Mavi panorama\u2019n\u0131n hemen \u00f6n\u00fcnden ve yak\u0131nlar\u0131ndan denize girmek m\u00fcmk\u00fcn iken \u00fcnl\u00fc P\u0131rlanta plaj\u0131na 3 km Alt\u0131nkum plaj\u0131na ve Beach Club\u2019lerine sadece 4 km uzakl\u0131ktay\u0131z.[\/vc_column_text][vc_empty_space height=&#8221;30px&#8221;]<blockquote class='type1  aligncenter' ><q>Foto\u011fraflardan daha fazlas\u0131 i\u00e7in yerinizi ay\u0131rtmay\u0131 unutmay\u0131n.<\/q><\/blockquote>[vc_empty_space height=&#8221;30px&#8221;][\/vc_column_inner][\/vc_row_inner][\/vc_column][vc_column width=&#8221;1\/2&#8243;][vc_images_carousel images=&#8221;5842,5827,5826,5855,5872,5755,5697,5698,5680,5665&#8243; img_size=&#8221;700&#215;700&#8243; autoplay=&#8221;yes&#8221; css_animation=&#8221;flipInX&#8221;][\/vc_column][\/vc_row][vc_row el_class=&#8221;aligncenter&#8221;][vc_column]<div class='dt-sc-hr-invisible-medium '> <\/div><div class='dt-sc-hr-top-10 '> <\/div><div class='dt-sc-title with-two-border '><h2>M\u00dc\u015eTER\u0130LER\u0130M\u0130ZDEN GELEN<\/h2><\/div><div class='dt-sc-hr-invisible-small '> <\/div><div class='dt-sc-clear '> <\/div>[\/vc_column][\/vc_row][vc_row full_width=&#8221;default_no_spaces&#8221;][vc_column]<div class='dt-sc-hr-invisible-large '> <\/div>[\/vc_column][vc_column width=&#8221;1\/3&#8243;]<div class=\"dt-sc-testimonial-wrapper\"><div class='dt-sc-testimonial type3 '><div class=\"dt-sc-testimonial-author\"><span><img width=\"1024\" height=\"711\" src=\"http:\/\/www.mavipanorama.com\/wp-content\/uploads\/2023\/03\/tripadvisor.png\" class=\"attachment-full\" alt=\"\" decoding=\"async\" loading=\"lazy\" title=\"tripadvisor\" srcset=\"http:\/\/www.mavipanorama.com\/wp-content\/uploads\/2023\/03\/tripadvisor.png 1024w, http:\/\/www.mavipanorama.com\/wp-content\/uploads\/2023\/03\/tripadvisor-300x208.png 300w, http:\/\/www.mavipanorama.com\/wp-content\/uploads\/2023\/03\/tripadvisor-768x533.png 768w, http:\/\/www.mavipanorama.com\/wp-content\/uploads\/2023\/03\/tripadvisor-600x417.png 600w\" sizes=\"(max-width: 1024px) 100vw, 1024px\" \/><\/span><cite>Ahmet Bey<small>Tripadvisor<\/small><\/cite><\/div><div class=\"dt-sc-testimonial-quote\"><blockquote><q>Uzun bir s\u00fcre sonra tekrar gittik. Her \u015fey b\u0131rakt\u0131\u011f\u0131m\u0131z gibi bizi bekliyordu. Paran\u0131z\u0131n sat\u0131n alamayaca\u011f\u0131 \u015feyleri sat\u0131n alabilirsiniz. Dost muhabbeti, muhte\u015fem manzara ve keyifli organize ak\u015fam yemekleri. Aynen bir b\u00fcy\u00fck aile gibi.<\/q><\/blockquote><\/div><\/div><\/div>[\/vc_column][vc_column width=&#8221;1\/3&#8243;]<div class=\"dt-sc-testimonial-wrapper\"><div class='dt-sc-testimonial type3 '><div class=\"dt-sc-testimonial-author\"><span><img width=\"1024\" height=\"711\" src=\"http:\/\/www.mavipanorama.com\/wp-content\/uploads\/2023\/03\/tripadvisor.png\" class=\"attachment-full\" alt=\"\" decoding=\"async\" loading=\"lazy\" title=\"tripadvisor\" srcset=\"http:\/\/www.mavipanorama.com\/wp-content\/uploads\/2023\/03\/tripadvisor.png 1024w, http:\/\/www.mavipanorama.com\/wp-content\/uploads\/2023\/03\/tripadvisor-300x208.png 300w, http:\/\/www.mavipanorama.com\/wp-content\/uploads\/2023\/03\/tripadvisor-768x533.png 768w, http:\/\/www.mavipanorama.com\/wp-content\/uploads\/2023\/03\/tripadvisor-600x417.png 600w\" sizes=\"(max-width: 1024px) 100vw, 1024px\" \/><\/span><cite>Mertcan Bey<small>Tripadvisor<\/small><\/cite><\/div><div class=\"dt-sc-testimonial-quote\"><blockquote><q>Her\u015feyiyle hakk\u0131n\u0131 veren Adil abimiz size muhte\u015fem bir yazl\u0131k deneyimi sunuyor. Kendinizi ba\u015fkas\u0131n\u0131n bir villas\u0131nda kal\u0131yor gibi de\u011fil de Adil Beyin evine konuk olmu\u015f hissediyorsunuz. Tatilinizden keyif almak i\u00e7in tercih edebilece\u011finiz sessiz sakin ve huzur dolu bir lokasyon.<\/q><\/blockquote><\/div><\/div><\/div>[\/vc_column][vc_column width=&#8221;1\/3&#8243;]<div class=\"dt-sc-testimonial-wrapper\"><div class='dt-sc-testimonial type3 '><div class=\"dt-sc-testimonial-author\"><span><img width=\"1024\" height=\"711\" src=\"http:\/\/www.mavipanorama.com\/wp-content\/uploads\/2023\/03\/tripadvisor.png\" class=\"attachment-full\" alt=\"\" decoding=\"async\" loading=\"lazy\" title=\"tripadvisor\" srcset=\"http:\/\/www.mavipanorama.com\/wp-content\/uploads\/2023\/03\/tripadvisor.png 1024w, http:\/\/www.mavipanorama.com\/wp-content\/uploads\/2023\/03\/tripadvisor-300x208.png 300w, http:\/\/www.mavipanorama.com\/wp-content\/uploads\/2023\/03\/tripadvisor-768x533.png 768w, http:\/\/www.mavipanorama.com\/wp-content\/uploads\/2023\/03\/tripadvisor-600x417.png 600w\" sizes=\"(max-width: 1024px) 100vw, 1024px\" \/><\/span><cite>Bet\u00fcl Han\u0131m<small>Tripadvisor<\/small><\/cite><\/div><div class=\"dt-sc-testimonial-quote\"><blockquote><q>Guler yuzlulukleriyle , Kisa tatilimizi dolu dolu yasadik. konumun rahatligi ve manzaras\u0131 harikayd\u0131. Eme\u011fi ge\u00e7en herkese cokk tesekkur ederiz&#8230;.<\/q><\/blockquote><\/div><\/div><\/div>[\/vc_column][vc_column]<div class='dt-sc-hr-invisible-large '> <\/div><div class='dt-sc-clear '> <\/div>[\/vc_column][\/vc_row]<\/p>\n<\/section>","protected":false},"excerpt":{"rendered":"<p>[vc_row][vc_column][vc_empty_space][\/vc_column][\/vc_row][vc_row full_width=&#8221;stretch_row_content_no_spaces&#8221; equal_height=&#8221;yes&#8221; content_placement=&#8221;middle&#8221; parallax=&#8221;content-moving&#8221; el_class=&#8221;dt-sc-highlight dt-sc-dark-bg vcr_float_right fixed-paralax&#8221; css=&#8221;.vc_custom_1463999059864{background-image: url(http:\/\/dummy.wedesignthemes.com\/veda\/hotel\/wp-content\/uploads\/sites\/7\/2016\/05\/heritage.jpg?id=4996) !important;}&#8221;][vc_column width=&#8221;1\/2&#8243; col_space=&#8221;space&#8221; el_class=&#8221;rs_col-sm-12 heritage-luxury&#8221; offset=&#8221;vc_col-lg-6 vc_col-md-12&#8243; css=&#8221;.vc_custom_1678689332672{background-color: #55b0ed !important;}&#8221;][vc_row_inner][vc_column_inner width=&#8221;1\/3&#8243;][\/vc_column_inner][vc_column_inner el_class=&#8221;rs_col-sm-12&#8243; width=&#8221;2\/3&#8243; css=&#8221;.vc_custom_1466756249456{padding-top: 50px !important;padding-right: 80px !important;padding-bottom: 50px [&hellip;]<\/p>\n","protected":false},"author":1,"featured_media":0,"parent":0,"menu_order":0,"comment_status":"closed","ping_status":"closed","template":"","meta":[],"_links":{"self":[{"href":"http:\/\/www.mavipanorama.com\/index.php\/wp-json\/wp\/v2\/pages\/5060"}],"collection":[{"href":"http:\/\/www.mavipanorama.com\/index.php\/wp-json\/wp\/v2\/pages"}],"about":[{"href":"http:\/\/www.mavipanorama.com\/index.php\/wp-json\/wp\/v2\/types\/page"}],"author":[{"embeddable":true,"href":"http:\/\/www.mavipanorama.com\/index.php\/wp-json\/wp\/v2\/users\/1"}],"replies":[{"embeddable":true,"href":"http:\/\/www.mavipanorama.com\/index.php\/wp-json\/wp\/v2\/comments?post=5060"}],"version-history":[{"count":37,"href":"http:\/\/www.mavipanorama.com\/index.php\/wp-json\/wp\/v2\/pages\/5060\/revisions"}],"predecessor-version":[{"id":5928,"href":"http:\/\/www.mavipanorama.com\/index.php\/wp-json\/wp\/v2\/pages\/5060\/revisions\/5928"}],"wp:attachment":[{"href":"http:\/\/www.mavipanorama.com\/index.php\/wp-json\/wp\/v2\/media?parent=5060"}],"curies":[{"name":"wp","href":"https:\/\/api.w.org\/{rel}","templated":true}]}}