{"id":5943,"date":"2026-01-09T10:59:05","date_gmt":"2026-01-09T10:59:05","guid":{"rendered":"http:\/\/www.mavipanorama.com\/?page_id=5943"},"modified":"2026-01-09T10:59:07","modified_gmt":"2026-01-09T10:59:07","slug":"cocuk-haklari-politikasi","status":"publish","type":"page","link":"http:\/\/www.mavipanorama.com\/index.php\/cocuk-haklari-politikasi\/","title":{"rendered":"\u00c7OCUK HAKLARI POL\u0130T\u0130KASI"},"content":{"rendered":"\n<p>\u00c7ocuklar bize gelece\u011fin emanetleridir. Onlar\u0131 bir birey olarak tan\u0131mak,<br>haklar\u0131na sayg\u0131 duymak, her t\u00fcrl\u00fc psikolojik, fiziksel, ticari vb.<br>s\u00f6m\u00fcr\u00fcye kar\u015f\u0131 g\u00f6zetmek ve korumak \u00f6ncelikli sorumlulu\u011fumuzdur.<br>Bunu sa\u011flamak i\u00e7in;<br>\u2022 Kendi kurumlar\u0131m\u0131zda \u00e7ocuk i\u015f\u00e7i \u00e7al\u0131\u015ft\u0131r\u0131lmas\u0131na m\u00fcsaade etmez<br>ve t\u00fcm i\u015f ortaklar\u0131m\u0131zdan da ayn\u0131 hassasiyeti bekleriz.<br>\u2022 \u0130\u015fletme i\u00e7erisinde \u00e7ocuklar\u0131n geli\u015fimine katk\u0131da bulunan,<br>d\u00fc\u015f\u00fcnce ve isteklerini, duygular\u0131n\u0131 rahat\u00e7a ifade edebilecekleri,<br>kendilerini \u00f6zg\u00fcr ve rahat hissedecekleri ortamlar\/imkanlar<br>sunar\u0131z.<br>\u2022 \u00c7al\u0131\u015fanlar\u0131m\u0131za, \u00e7ocuk istismar\u0131n\u0131n \u00f6nlenmesi ve fark edilmesi<br>konusunda e\u011fitimler veririz.<br>\u2022 \u00c7ocuklar\u0131n kat\u0131ld\u0131klar\u0131 aktivitelerde yeti\u015fkin g\u00f6zetimi alt\u0131nda<br>olduklar\u0131ndan emin oluruz.<br>\u2022 \u00c7ocuk haklar\u0131n\u0131n korunmas\u0131 konusunda fark\u0131ndal\u0131k yaratmak i\u00e7in<br>e\u011fitimler d\u00fczenler ve ilgili projelere destek veririz.<br>\u2022 \u00c7ocuklar ile ilgili \u015f\u00fcpheli eylemlere \u015fahit oldu\u011fumuzda \u00f6ncelikle<br>otel y\u00f6netimine bilgi verir, gerekli g\u00f6r\u00fclen durumlarda resmi<br>kurulu\u015flardan yard\u0131m isteriz.<\/p>\n","protected":false},"excerpt":{"rendered":"<p>\u00c7ocuklar bize gelece\u011fin emanetleridir. Onlar\u0131 bir birey olarak tan\u0131mak,haklar\u0131na sayg\u0131 duymak, her t\u00fcrl\u00fc psikolojik, fiziksel, ticari vb.s\u00f6m\u00fcr\u00fcye kar\u015f\u0131 g\u00f6zetmek ve korumak \u00f6ncelikli sorumlulu\u011fumuzdur.Bunu sa\u011flamak i\u00e7in;\u2022 Kendi kurumlar\u0131m\u0131zda \u00e7ocuk i\u015f\u00e7i \u00e7al\u0131\u015ft\u0131r\u0131lmas\u0131na [&hellip;]<\/p>\n","protected":false},"author":1,"featured_media":0,"parent":0,"menu_order":0,"comment_status":"closed","ping_status":"closed","template":"","meta":[],"_links":{"self":[{"href":"http:\/\/www.mavipanorama.com\/index.php\/wp-json\/wp\/v2\/pages\/5943"}],"collection":[{"href":"http:\/\/www.mavipanorama.com\/index.php\/wp-json\/wp\/v2\/pages"}],"about":[{"href":"http:\/\/www.mavipanorama.com\/index.php\/wp-json\/wp\/v2\/types\/page"}],"author":[{"embeddable":true,"href":"http:\/\/www.mavipanorama.com\/index.php\/wp-json\/wp\/v2\/users\/1"}],"replies":[{"embeddable":true,"href":"http:\/\/www.mavipanorama.com\/index.php\/wp-json\/wp\/v2\/comments?post=5943"}],"version-history":[{"count":1,"href":"http:\/\/www.mavipanorama.com\/index.php\/wp-json\/wp\/v2\/pages\/5943\/revisions"}],"predecessor-version":[{"id":5944,"href":"http:\/\/www.mavipanorama.com\/index.php\/wp-json\/wp\/v2\/pages\/5943\/revisions\/5944"}],"wp:attachment":[{"href":"http:\/\/www.mavipanorama.com\/index.php\/wp-json\/wp\/v2\/media?parent=5943"}],"curies":[{"name":"wp","href":"https:\/\/api.w.org\/{rel}","templated":true}]}}