{"id":5945,"date":"2026-01-09T10:59:38","date_gmt":"2026-01-09T10:59:38","guid":{"rendered":"http:\/\/www.mavipanorama.com\/?page_id=5945"},"modified":"2026-01-09T10:59:39","modified_gmt":"2026-01-09T10:59:39","slug":"enerji-verimliligi-politikasi","status":"publish","type":"page","link":"http:\/\/www.mavipanorama.com\/index.php\/enerji-verimliligi-politikasi\/","title":{"rendered":"ENERJ\u0130 VER\u0130ML\u0130L\u0130\u011e\u0130 POL\u0130T\u0130KASI"},"content":{"rendered":"\n<p>D\u00fcnyam\u0131z\u0131 olas\u0131 tehlikelerden korumak i\u00e7in enerjimizi verimli kullan\u0131yor ve enerji sarfiyat\u0131m\u0131z\u0131<br>azaltmak i\u00e7in hedefler belirliyoruz.<br>Bunun i\u00e7in;<br>\u2022 Hem do\u011faya kar\u015f\u0131 sorumluluklar\u0131m\u0131z hem de yasal y\u00fck\u00fcml\u00fcl\u00fcklerimizi yerine getirmek<br>\u00fczere ulusal ve uluslararas\u0131 standartlar\u0131, yasa ve d\u00fczenlemeleri takip eder, enerji<br>kullan\u0131m\u0131n\u0131 azaltma ve\/veya enerji t\u00fcketim performans\u0131m\u0131z\u0131n s\u00fcrekli iyile\u015ftirilmesini<br>sa\u011flayacak \u00e7al\u0131\u015fmalar\u0131 g\u00f6n\u00fcll\u00fc olarak y\u00fcr\u00fct\u00fcr, \u00e7al\u0131\u015fmalar\u0131m\u0131z\u0131n sonu\u00e7lar\u0131n\u0131 takip<br>ederiz.<br>\u2022 Hedefler koyar, \u00e7al\u0131\u015fanlar\u0131m\u0131z\u0131n da kat\u0131l\u0131m\u0131n\u0131 sa\u011flamak amac\u0131yla e\u011fitim<br>programlar\u0131m\u0131zda enerji verimlili\u011fine yer veririz.<br>\u2022 T\u00fcm payda\u015flar\u0131m\u0131zla enerji y\u00f6netimi konusunda ortak ama\u00e7lar ve sonu\u00e7lar yaratmak<br>\u00fczere i\u015f birli\u011fi yapmay\u0131 \u00f6nemseriz. Bu konularda misafirlerimiz, \u00e7al\u0131\u015fanlar\u0131m\u0131z,<br>ziyaret\u00e7ilerimiz ve t\u00fcm i\u015f ortaklar\u0131m\u0131z ile birlikte topyek\u00fbn bir fark\u0131ndal\u0131k ve bilin\u00e7<br>seviyesine ula\u015f\u0131lmas\u0131 ad\u0131na etkile\u015fimimizi s\u00fcrd\u00fcrmeye \u00e7al\u0131\u015f\u0131r\u0131z.<br>\u2022 Enerji verimli uygun \u00fcr\u00fcn, ekipman, te\u00e7hizat ve teknoloji alternatiflerini ara\u015ft\u0131r\u0131p<br>bulmaya, sat\u0131n almaya ve kullanmaya \u00e7al\u0131\u015f\u0131r\u0131z.<br>\u2022 Enerji Y\u00f6netim Sistemimizi dok\u00fcmante etmeyi, t\u00fcm departmanlar\u0131m\u0131za yaymay\u0131,<br>gerekti\u011finde g\u00fcncellemeyi, g\u00f6zden ge\u00e7irmeyi ve s\u00fcrekli olarak iyile\u015ftirmeyi hedefleriz.<br>\u2022 Enerji risklerini veya enerji k\u0131s\u0131t\u0131 gibi do\u011fabilecek acil durumlar\u0131 de\u011ferlendirir,<br>al\u0131nabilecek \u00f6nlemleri planlar\u0131z.<\/p>\n","protected":false},"excerpt":{"rendered":"<p>D\u00fcnyam\u0131z\u0131 olas\u0131 tehlikelerden korumak i\u00e7in enerjimizi verimli kullan\u0131yor ve enerji sarfiyat\u0131m\u0131z\u0131azaltmak i\u00e7in hedefler belirliyoruz.Bunun i\u00e7in;\u2022 Hem do\u011faya kar\u015f\u0131 sorumluluklar\u0131m\u0131z hem de yasal y\u00fck\u00fcml\u00fcl\u00fcklerimizi yerine getirmek\u00fczere ulusal ve uluslararas\u0131 standartlar\u0131, yasa [&hellip;]<\/p>\n","protected":false},"author":1,"featured_media":0,"parent":0,"menu_order":0,"comment_status":"closed","ping_status":"closed","template":"","meta":[],"_links":{"self":[{"href":"http:\/\/www.mavipanorama.com\/index.php\/wp-json\/wp\/v2\/pages\/5945"}],"collection":[{"href":"http:\/\/www.mavipanorama.com\/index.php\/wp-json\/wp\/v2\/pages"}],"about":[{"href":"http:\/\/www.mavipanorama.com\/index.php\/wp-json\/wp\/v2\/types\/page"}],"author":[{"embeddable":true,"href":"http:\/\/www.mavipanorama.com\/index.php\/wp-json\/wp\/v2\/users\/1"}],"replies":[{"embeddable":true,"href":"http:\/\/www.mavipanorama.com\/index.php\/wp-json\/wp\/v2\/comments?post=5945"}],"version-history":[{"count":1,"href":"http:\/\/www.mavipanorama.com\/index.php\/wp-json\/wp\/v2\/pages\/5945\/revisions"}],"predecessor-version":[{"id":5946,"href":"http:\/\/www.mavipanorama.com\/index.php\/wp-json\/wp\/v2\/pages\/5945\/revisions\/5946"}],"wp:attachment":[{"href":"http:\/\/www.mavipanorama.com\/index.php\/wp-json\/wp\/v2\/media?parent=5945"}],"curies":[{"name":"wp","href":"https:\/\/api.w.org\/{rel}","templated":true}]}}