{"id":5949,"date":"2026-01-09T11:00:41","date_gmt":"2026-01-09T11:00:41","guid":{"rendered":"http:\/\/www.mavipanorama.com\/?page_id=5949"},"modified":"2026-01-09T11:00:44","modified_gmt":"2026-01-09T11:00:44","slug":"surdurulebilir-satin-alma-politikasi","status":"publish","type":"page","link":"http:\/\/www.mavipanorama.com\/index.php\/surdurulebilir-satin-alma-politikasi\/","title":{"rendered":"S\u00dcRD\u00dcR\u00dcLEB\u0130L\u0130R SATIN ALMA POL\u0130T\u0130KASI"},"content":{"rendered":"\n<p>S\u00fcrd\u00fcr\u00fclebilir tedarik anlay\u0131\u015f\u0131 do\u011frultusunda tedarik\u00e7ilerimizin\/\u00e7\u00f6z\u00fcm ortaklar\u0131m\u0131z\u0131n;<br>\u2022 Kalite G\u00fcvence Y\u00f6netim Sistemleri, \u00c7evre ve \u0130\u015f Sa\u011fl\u0131\u011f\u0131 G\u00fcvenli\u011fi Y\u00f6netim Sistemleri,<br>uluslararas\u0131 d\u00fczeyde kabul g\u00f6rm\u00fc\u015f \u00e7evre ve s\u00fcrd\u00fcr\u00fclebilirlik etiktlerine\/sertifikalar\u0131na<br>sahip olmas\u0131na,<br>\u2022 \u00dcretim ve tedarikte, \u00e7evreye zararl\u0131 etkilerinin olmamas\u0131na, \u00e7evre mevzuatlar\u0131na<br>uyuyor olmas\u0131na,<br>\u2022 Kaynaklar\u0131; do\u011fal ya\u015fama, ekosisteme zarar vermeden, uygun bir \u015fekilde<br>kullan\u0131yor\/t\u00fcketiyor olmas\u0131na, avlanma yasaklar\u0131na uyuyor olmas\u0131na,<br>\u2022 At\u0131klar\u0131n\u0131 en aza indirmek ve do\u011fru y\u00f6netmek i\u00e7in \u00e7al\u0131\u015f\u0131yor olmas\u0131na, \u00fcr\u00fcn<br>ambalajlar\u0131nda daha az ambalajlamaya veya d\u00f6kme ambalajlama alternatifleri<br>sunuyor olmas\u0131na,<br>\u2022 \u00c7evre dostu, tasarruflu, y\u00f6resel, etik de\u011ferlere \u00f6nem veren, geri d\u00f6n\u00fc\u015febilir veya geri<br>d\u00f6n\u00fc\u015ft\u00fcr\u00fclm\u00fc\u015f malzeme kullanan, organik, bio, vegan, hayvanlar \u00fczerinde<br>denenmemi\u015f, zararl\u0131 kimyasal bile\u015fenler i\u00e7ermeyen vb. alternatifleri sunmalar\u0131na,<br>\u2022 Yerli ve yerel \u00fcretim\/hizmet sa\u011flay\u0131c\u0131s\u0131 olmas\u0131na,<br>\u2022 \u00dclkemizin\/b\u00f6lgemizin mutfa\u011f\u0131n\u0131, geleneklerini, k\u00fclt\u00fcr\u00fcn\u00fc yans\u0131tan\/tan\u0131tan<br>\u00fcr\u00fcn\/hizmet olmas\u0131na,<br>\u00d6nem verir ve bu bak\u0131\u015f a\u00e7\u0131m\u0131z\u0131 payda\u015f tedarik\u00e7ilerimize iletiriz. Tedarik\u00e7ilerimiz ile birlikte<br>verimli sat\u0131n alma f\u0131rsatlar\u0131 yaratmaya \u00e7al\u0131\u015f\u0131r, tedarik s\u00fcre\u00e7lerinden do\u011fan \u00e7evre etkilerini<br>azaltmay\u0131 hedefleriz.<\/p>\n","protected":false},"excerpt":{"rendered":"<p>S\u00fcrd\u00fcr\u00fclebilir tedarik anlay\u0131\u015f\u0131 do\u011frultusunda tedarik\u00e7ilerimizin\/\u00e7\u00f6z\u00fcm ortaklar\u0131m\u0131z\u0131n;\u2022 Kalite G\u00fcvence Y\u00f6netim Sistemleri, \u00c7evre ve \u0130\u015f Sa\u011fl\u0131\u011f\u0131 G\u00fcvenli\u011fi Y\u00f6netim Sistemleri,uluslararas\u0131 d\u00fczeyde kabul g\u00f6rm\u00fc\u015f \u00e7evre ve s\u00fcrd\u00fcr\u00fclebilirlik etiktlerine\/sertifikalar\u0131nasahip olmas\u0131na,\u2022 \u00dcretim ve tedarikte, \u00e7evreye zararl\u0131 [&hellip;]<\/p>\n","protected":false},"author":1,"featured_media":0,"parent":0,"menu_order":0,"comment_status":"closed","ping_status":"closed","template":"","meta":[],"_links":{"self":[{"href":"http:\/\/www.mavipanorama.com\/index.php\/wp-json\/wp\/v2\/pages\/5949"}],"collection":[{"href":"http:\/\/www.mavipanorama.com\/index.php\/wp-json\/wp\/v2\/pages"}],"about":[{"href":"http:\/\/www.mavipanorama.com\/index.php\/wp-json\/wp\/v2\/types\/page"}],"author":[{"embeddable":true,"href":"http:\/\/www.mavipanorama.com\/index.php\/wp-json\/wp\/v2\/users\/1"}],"replies":[{"embeddable":true,"href":"http:\/\/www.mavipanorama.com\/index.php\/wp-json\/wp\/v2\/comments?post=5949"}],"version-history":[{"count":1,"href":"http:\/\/www.mavipanorama.com\/index.php\/wp-json\/wp\/v2\/pages\/5949\/revisions"}],"predecessor-version":[{"id":5950,"href":"http:\/\/www.mavipanorama.com\/index.php\/wp-json\/wp\/v2\/pages\/5949\/revisions\/5950"}],"wp:attachment":[{"href":"http:\/\/www.mavipanorama.com\/index.php\/wp-json\/wp\/v2\/media?parent=5949"}],"curies":[{"name":"wp","href":"https:\/\/api.w.org\/{rel}","templated":true}]}}