{"id":5951,"date":"2026-01-09T11:01:08","date_gmt":"2026-01-09T11:01:08","guid":{"rendered":"http:\/\/www.mavipanorama.com\/?page_id=5951"},"modified":"2026-01-09T11:01:09","modified_gmt":"2026-01-09T11:01:09","slug":"surdurulebilir-cevre-politikasi","status":"publish","type":"page","link":"http:\/\/www.mavipanorama.com\/index.php\/surdurulebilir-cevre-politikasi\/","title":{"rendered":"S\u00fcrd\u00fcr\u00fclebilir \u00c7evre Politikas\u0131"},"content":{"rendered":"\n<p>Tesisimiz, s\u00fcrd\u00fcr\u00fclebilir \u00e7evre anlay\u0131\u015f\u0131 ile gelecek nesillere temiz ve sa\u011fl\u0131kl\u0131 bir \u00e7evre b\u0131rakmay\u0131<\/p>\n\n\n\n<p>ama\u00e7lam\u0131\u015ft\u0131r.<\/p>\n\n\n\n<p>Bu ba\u011flamda a\u015fa\u011f\u0131da belirtilen sorumluluklar\u0131m\u0131z\u0131 ger\u00e7ekle\u015ftirmeyi taahh\u00fct ederiz.<br>\u27a2 \u00c7evre kirlili\u011finin \u00f6nlenmesi; biyo\u00e7e\u015fitlilik ve ekosistemlerin korunmas\u0131 ile ilgili<br>s\u00fcre\u00e7lerimizin s\u00fcrekli iyile\u015ftirilmesine katk\u0131 sa\u011flamak,<br>\u27a2 Yenilenebilir, temiz enerji kullan\u0131m\u0131n\u0131 artt\u0131rmak,<br>\u27a2 Do\u011fal kaynaklar\u0131m\u0131z\u0131 etkin kullanmak,<br>\u27a2 Su t\u00fcketimini azaltmak,<br>\u27a2 At\u0131klar\u0131 kayna\u011f\u0131nda azaltmak,<br>\u27a2 S\u0131f\u0131r at\u0131k ilkesiyle at\u0131klar\u0131n ayr\u0131\u015ft\u0131r\u0131lmas\u0131n\u0131 ve geri kazan\u0131m\u0131n\u0131 sa\u011flamak,<br>\u27a2 Kimyasal t\u00fcketimi ve pestisit kullan\u0131m\u0131n\u0131 azaltmak do\u011faya zarar vermeyen \u00fcr\u00fcn tercih<br>etmek,<br>\u27a2 Etkin risk analizi yaparak, \u00e7evresel etkilerimizi azaltmak, yeni \u00e7evresel f\u0131rsatlar elde<br>etmek,<br>\u27a2 \u00c7evre dostu \u00fcr\u00fcn kullan\u0131m\u0131n\u0131 yayg\u0131nla\u015ft\u0131rmak,<br>\u27a2 S\u00fcre\u00e7lerimizin olu\u015fturulmas\u0131, uygulanmas\u0131 a\u015famas\u0131nda ya\u015fam d\u00f6ng\u00fcs\u00fc bak\u0131\u015f a\u00e7\u0131s\u0131 ile<br>hareket etmek,<br>\u27a2 Karbon ayak izimizi izleyerek, belirli bir hedef do\u011frultusunda azaltmak,<br>\u27a2 Acil durumlardan kaynaklanan olumsuz \u00e7evresel etkilerin azalt\u0131lmas\u0131 ile ilgili planl\u0131<br>\u00e7al\u0131\u015fmalar yapmak,<br>\u27a2 \u00c7evre\/enerji y\u00f6netim sisteminin etkinli\u011fine katk\u0131 sa\u011flayacak \u00e7al\u0131\u015fanlar\u0131m\u0131z\u0131<br>desteklemek,<br>\u27a2 \u00d6nemli \u00e7evre boyutlar\u0131 ve etkileri konusunda \u00e7al\u0131\u015fanlar\u0131n fark\u0131ndal\u0131\u011f\u0131n\u0131 artt\u0131racak<br>e\u011fitimler vermek,<br>\u27a2 \u00c7evreyi koruma faaliyetlerimizi kurum k\u00fclt\u00fcr\u00fc haline getirmek,<br>\u27a2 Tedarik\u00e7i se\u00e7imlerinde \u00e7evresel a\u00e7\u0131dan s\u00fcrd\u00fcr\u00fclebilir tedarik\u00e7ilere \u00f6ncelik vermek,<br>\u27a2 \u00c7evresel uygunluk y\u00fck\u00fcml\u00fcl\u00fcklerimizi yerine getirilmesini sa\u011flamak,<br>\u27a2 \u00c7evresel faaliyetlerimiz ve ilkelerimiz konusunda t\u00fcm ilgili taraflar\u0131m\u0131z\u0131n<br>bilgilendirilmesi ve kat\u0131l\u0131m\u0131n\u0131 sa\u011flamak.<\/p>\n","protected":false},"excerpt":{"rendered":"<p>Tesisimiz, s\u00fcrd\u00fcr\u00fclebilir \u00e7evre anlay\u0131\u015f\u0131 ile gelecek nesillere temiz ve sa\u011fl\u0131kl\u0131 bir \u00e7evre b\u0131rakmay\u0131 ama\u00e7lam\u0131\u015ft\u0131r. Bu ba\u011flamda a\u015fa\u011f\u0131da belirtilen sorumluluklar\u0131m\u0131z\u0131 ger\u00e7ekle\u015ftirmeyi taahh\u00fct ederiz.\u27a2 \u00c7evre kirlili\u011finin \u00f6nlenmesi; biyo\u00e7e\u015fitlilik ve ekosistemlerin korunmas\u0131 ile [&hellip;]<\/p>\n","protected":false},"author":1,"featured_media":0,"parent":0,"menu_order":0,"comment_status":"closed","ping_status":"closed","template":"","meta":[],"_links":{"self":[{"href":"http:\/\/www.mavipanorama.com\/index.php\/wp-json\/wp\/v2\/pages\/5951"}],"collection":[{"href":"http:\/\/www.mavipanorama.com\/index.php\/wp-json\/wp\/v2\/pages"}],"about":[{"href":"http:\/\/www.mavipanorama.com\/index.php\/wp-json\/wp\/v2\/types\/page"}],"author":[{"embeddable":true,"href":"http:\/\/www.mavipanorama.com\/index.php\/wp-json\/wp\/v2\/users\/1"}],"replies":[{"embeddable":true,"href":"http:\/\/www.mavipanorama.com\/index.php\/wp-json\/wp\/v2\/comments?post=5951"}],"version-history":[{"count":1,"href":"http:\/\/www.mavipanorama.com\/index.php\/wp-json\/wp\/v2\/pages\/5951\/revisions"}],"predecessor-version":[{"id":5952,"href":"http:\/\/www.mavipanorama.com\/index.php\/wp-json\/wp\/v2\/pages\/5951\/revisions\/5952"}],"wp:attachment":[{"href":"http:\/\/www.mavipanorama.com\/index.php\/wp-json\/wp\/v2\/media?parent=5951"}],"curies":[{"name":"wp","href":"https:\/\/api.w.org\/{rel}","templated":true}]}}